{"id":158,"date":"2024-12-25T19:56:19","date_gmt":"2024-12-25T19:56:19","guid":{"rendered":"https:\/\/doctorrenatomendez.vip\/?page_id=158"},"modified":"2025-11-21T23:30:54","modified_gmt":"2025-11-21T23:30:54","slug":"eventos-varios","status":"publish","type":"page","link":"https:\/\/doctorrenatomendez.vip\/?page_id=158","title":{"rendered":"Trayectoria"},"content":{"rendered":"\n<p>Cada imagen refleja mi compromiso con la ense\u00f1anza, el liderazgo y el crecimiento personal. Creo que el \u00e9xito nace del equilibrio entre conocimiento, fe e integridad, y mi prop\u00f3sito es inspirar a otros a alcanzar su m\u00e1ximo potencial.<\/p>\n\n\n\n<div class=\"wp-block-uagb-social-share uagb-social-share__outer-wrap uagb-social-share__layout-horizontal uagb-block-81439ee2\">\n<div class=\"wp-block-uagb-social-share-child uagb-ss-repeater uagb-ss__wrapper uagb-block-1b5e0df1\"><span class=\"uagb-ss__link\" data-href=\"https:\/\/www.linkedin.com\/shareArticle?url=\" tabindex=\"0\" role=\"button\" aria-label=\"linkedin\"><span class=\"uagb-ss__source-wrap\"><span class=\"uagb-ss__source-icon\"><svg xmlns=\"https:\/\/www.w3.org\/2000\/svg\" viewBox=\"0 0 448 512\"><path d=\"M416 32H31.9C14.3 32 0 46.5 0 64.3v383.4C0 465.5 14.3 480 31.9 480H416c17.6 0 32-14.5 32-32.3V64.3c0-17.8-14.4-32.3-32-32.3zM135.4 416H69V202.2h66.5V416zm-33.2-243c-21.3 0-38.5-17.3-38.5-38.5S80.9 96 102.2 96c21.2 0 38.5 17.3 38.5 38.5 0 21.3-17.2 38.5-38.5 38.5zm282.1 243h-66.4V312c0-24.8-.5-56.7-34.5-56.7-34.6 0-39.9 27-39.9 54.9V416h-66.4V202.2h63.7v29.2h.9c8.9-16.8 30.6-34.5 62.9-34.5 67.2 0 79.7 44.3 79.7 101.9V416z\"><\/path><\/svg><\/span><\/span><\/span><\/div>\n<\/div>\n\n\n\n<div class=\"wp-block-columns is-layout-flex wp-container-core-columns-is-layout-28f84493 wp-block-columns-is-layout-flex\">\n<div class=\"wp-block-column is-layout-flow wp-block-column-is-layout-flow\">\n<figure class=\"wp-block-image size-large\"><img loading=\"lazy\" decoding=\"async\" width=\"917\" height=\"1024\" src=\"https:\/\/doctorrenatomendez.vip\/wp-content\/uploads\/2024\/12\/1-917x1024.jpg\" alt=\"\" class=\"wp-image-159\" srcset=\"https:\/\/doctorrenatomendez.vip\/wp-content\/uploads\/2024\/12\/1-917x1024.jpg 917w, https:\/\/doctorrenatomendez.vip\/wp-content\/uploads\/2024\/12\/1-269x300.jpg 269w, https:\/\/doctorrenatomendez.vip\/wp-content\/uploads\/2024\/12\/1-768x858.jpg 768w, https:\/\/doctorrenatomendez.vip\/wp-content\/uploads\/2024\/12\/1.jpg 1080w\" sizes=\"auto, (max-width: 917px) 100vw, 917px\" \/><\/figure>\n\n\n\n<figure class=\"wp-block-image size-large\"><img loading=\"lazy\" decoding=\"async\" width=\"1024\" height=\"426\" src=\"https:\/\/doctorrenatomendez.vip\/wp-content\/uploads\/2024\/12\/7-1024x426.jpg\" alt=\"\" class=\"wp-image-162\" srcset=\"https:\/\/doctorrenatomendez.vip\/wp-content\/uploads\/2024\/12\/7-1024x426.jpg 1024w, https:\/\/doctorrenatomendez.vip\/wp-content\/uploads\/2024\/12\/7-300x125.jpg 300w, https:\/\/doctorrenatomendez.vip\/wp-content\/uploads\/2024\/12\/7-768x319.jpg 768w, https:\/\/doctorrenatomendez.vip\/wp-content\/uploads\/2024\/12\/7.jpg 1080w\" sizes=\"auto, (max-width: 1024px) 100vw, 1024px\" \/><\/figure>\n\n\n\n<figure class=\"wp-block-image size-large\"><img loading=\"lazy\" decoding=\"async\" width=\"675\" height=\"1024\" src=\"https:\/\/doctorrenatomendez.vip\/wp-content\/uploads\/2024\/12\/13-675x1024.jpg\" alt=\"\" class=\"wp-image-167\" srcset=\"https:\/\/doctorrenatomendez.vip\/wp-content\/uploads\/2024\/12\/13-675x1024.jpg 675w, https:\/\/doctorrenatomendez.vip\/wp-content\/uploads\/2024\/12\/13-198x300.jpg 198w, https:\/\/doctorrenatomendez.vip\/wp-content\/uploads\/2024\/12\/13-768x1166.jpg 768w, https:\/\/doctorrenatomendez.vip\/wp-content\/uploads\/2024\/12\/13-1012x1536.jpg 1012w, https:\/\/doctorrenatomendez.vip\/wp-content\/uploads\/2024\/12\/13.jpg 1054w\" sizes=\"auto, (max-width: 675px) 100vw, 675px\" \/><\/figure>\n\n\n\n<figure class=\"wp-block-image size-large\"><img loading=\"lazy\" decoding=\"async\" width=\"1024\" height=\"785\" src=\"https:\/\/doctorrenatomendez.vip\/wp-content\/uploads\/2024\/12\/22-1024x785.jpg\" alt=\"\" class=\"wp-image-171\" srcset=\"https:\/\/doctorrenatomendez.vip\/wp-content\/uploads\/2024\/12\/22-1024x785.jpg 1024w, https:\/\/doctorrenatomendez.vip\/wp-content\/uploads\/2024\/12\/22-300x230.jpg 300w, https:\/\/doctorrenatomendez.vip\/wp-content\/uploads\/2024\/12\/22-768x589.jpg 768w, https:\/\/doctorrenatomendez.vip\/wp-content\/uploads\/2024\/12\/22.jpg 1080w\" sizes=\"auto, (max-width: 1024px) 100vw, 1024px\" \/><\/figure>\n\n\n\n<figure class=\"wp-block-image size-large\"><img loading=\"lazy\" decoding=\"async\" width=\"1024\" height=\"537\" src=\"https:\/\/doctorrenatomendez.vip\/wp-content\/uploads\/2025\/11\/romero-1-1024x537.jpg\" alt=\"\" class=\"wp-image-353\" srcset=\"https:\/\/doctorrenatomendez.vip\/wp-content\/uploads\/2025\/11\/romero-1-1024x537.jpg 1024w, https:\/\/doctorrenatomendez.vip\/wp-content\/uploads\/2025\/11\/romero-1-300x157.jpg 300w, https:\/\/doctorrenatomendez.vip\/wp-content\/uploads\/2025\/11\/romero-1.jpg 1365w\" sizes=\"auto, (max-width: 1024px) 100vw, 1024px\" \/><\/figure>\n<\/div>\n\n\n\n<div class=\"wp-block-column is-layout-flow wp-block-column-is-layout-flow\">\n<figure class=\"wp-block-image size-large\"><img loading=\"lazy\" decoding=\"async\" width=\"1024\" height=\"709\" src=\"https:\/\/doctorrenatomendez.vip\/wp-content\/uploads\/2024\/12\/3-1024x709.jpg\" alt=\"\" class=\"wp-image-160\" srcset=\"https:\/\/doctorrenatomendez.vip\/wp-content\/uploads\/2024\/12\/3-1024x709.jpg 1024w, https:\/\/doctorrenatomendez.vip\/wp-content\/uploads\/2024\/12\/3-300x208.jpg 300w, https:\/\/doctorrenatomendez.vip\/wp-content\/uploads\/2024\/12\/3-768x532.jpg 768w, https:\/\/doctorrenatomendez.vip\/wp-content\/uploads\/2024\/12\/3.jpg 1080w\" sizes=\"auto, (max-width: 1024px) 100vw, 1024px\" \/><\/figure>\n\n\n\n<figure class=\"wp-block-image size-large\"><img loading=\"lazy\" decoding=\"async\" width=\"1024\" height=\"736\" src=\"https:\/\/doctorrenatomendez.vip\/wp-content\/uploads\/2024\/12\/5-1024x736.jpg\" alt=\"\" class=\"wp-image-161\" srcset=\"https:\/\/doctorrenatomendez.vip\/wp-content\/uploads\/2024\/12\/5-1024x736.jpg 1024w, https:\/\/doctorrenatomendez.vip\/wp-content\/uploads\/2024\/12\/5-300x216.jpg 300w, https:\/\/doctorrenatomendez.vip\/wp-content\/uploads\/2024\/12\/5-768x552.jpg 768w, https:\/\/doctorrenatomendez.vip\/wp-content\/uploads\/2024\/12\/5.jpg 1080w\" sizes=\"auto, (max-width: 1024px) 100vw, 1024px\" \/><\/figure>\n\n\n\n<figure class=\"wp-block-image size-large\"><img loading=\"lazy\" decoding=\"async\" width=\"1024\" height=\"727\" src=\"https:\/\/doctorrenatomendez.vip\/wp-content\/uploads\/2024\/12\/15-1024x727.jpg\" alt=\"\" class=\"wp-image-165\" srcset=\"https:\/\/doctorrenatomendez.vip\/wp-content\/uploads\/2024\/12\/15-1024x727.jpg 1024w, https:\/\/doctorrenatomendez.vip\/wp-content\/uploads\/2024\/12\/15-300x213.jpg 300w, https:\/\/doctorrenatomendez.vip\/wp-content\/uploads\/2024\/12\/15-768x545.jpg 768w, https:\/\/doctorrenatomendez.vip\/wp-content\/uploads\/2024\/12\/15.jpg 1080w\" sizes=\"auto, (max-width: 1024px) 100vw, 1024px\" \/><\/figure>\n\n\n\n<figure class=\"wp-block-image size-large\"><img loading=\"lazy\" decoding=\"async\" width=\"1024\" height=\"539\" src=\"https:\/\/doctorrenatomendez.vip\/wp-content\/uploads\/2024\/12\/21-1024x539.jpg\" alt=\"\" class=\"wp-image-168\" srcset=\"https:\/\/doctorrenatomendez.vip\/wp-content\/uploads\/2024\/12\/21-1024x539.jpg 1024w, https:\/\/doctorrenatomendez.vip\/wp-content\/uploads\/2024\/12\/21-300x158.jpg 300w, https:\/\/doctorrenatomendez.vip\/wp-content\/uploads\/2024\/12\/21-768x405.jpg 768w, https:\/\/doctorrenatomendez.vip\/wp-content\/uploads\/2024\/12\/21.jpg 1080w\" sizes=\"auto, (max-width: 1024px) 100vw, 1024px\" \/><\/figure>\n\n\n\n<figure class=\"wp-block-image size-large\"><img loading=\"lazy\" decoding=\"async\" width=\"1024\" height=\"746\" src=\"https:\/\/doctorrenatomendez.vip\/wp-content\/uploads\/2024\/12\/17-1024x746.jpg\" alt=\"\" class=\"wp-image-169\" srcset=\"https:\/\/doctorrenatomendez.vip\/wp-content\/uploads\/2024\/12\/17-1024x746.jpg 1024w, https:\/\/doctorrenatomendez.vip\/wp-content\/uploads\/2024\/12\/17-300x219.jpg 300w, https:\/\/doctorrenatomendez.vip\/wp-content\/uploads\/2024\/12\/17-768x560.jpg 768w, https:\/\/doctorrenatomendez.vip\/wp-content\/uploads\/2024\/12\/17.jpg 1080w\" sizes=\"auto, (max-width: 1024px) 100vw, 1024px\" \/><\/figure>\n\n\n\n<figure class=\"wp-block-image size-large\"><img loading=\"lazy\" decoding=\"async\" width=\"1024\" height=\"1024\" src=\"https:\/\/doctorrenatomendez.vip\/wp-content\/uploads\/2025\/11\/cropped-fundacion-romero-1024x1024.jpg\" alt=\"Reg\u00edstrate al webinar aqu\u00ed: https:\/\/tally.so\/r\/w7BY1a\" class=\"wp-image-349\" srcset=\"https:\/\/doctorrenatomendez.vip\/wp-content\/uploads\/2025\/11\/cropped-fundacion-romero-1024x1024.jpg 1024w, https:\/\/doctorrenatomendez.vip\/wp-content\/uploads\/2025\/11\/cropped-fundacion-romero-300x300.jpg 300w, https:\/\/doctorrenatomendez.vip\/wp-content\/uploads\/2025\/11\/cropped-fundacion-romero-150x150.jpg 150w, https:\/\/doctorrenatomendez.vip\/wp-content\/uploads\/2025\/11\/cropped-fundacion-romero.jpg 2000w\" sizes=\"auto, (max-width: 1024px) 100vw, 1024px\" \/><\/figure>\n<\/div>\n\n\n\n<div class=\"wp-block-column is-layout-flow wp-block-column-is-layout-flow\">\n<figure class=\"wp-block-image size-large\"><img loading=\"lazy\" decoding=\"async\" width=\"1024\" height=\"767\" src=\"https:\/\/doctorrenatomendez.vip\/wp-content\/uploads\/2024\/12\/8-1024x767.jpg\" alt=\"\" class=\"wp-image-163\" srcset=\"https:\/\/doctorrenatomendez.vip\/wp-content\/uploads\/2024\/12\/8-1024x767.jpg 1024w, https:\/\/doctorrenatomendez.vip\/wp-content\/uploads\/2024\/12\/8-300x225.jpg 300w, https:\/\/doctorrenatomendez.vip\/wp-content\/uploads\/2024\/12\/8-768x575.jpg 768w, https:\/\/doctorrenatomendez.vip\/wp-content\/uploads\/2024\/12\/8.jpg 1080w\" sizes=\"auto, (max-width: 1024px) 100vw, 1024px\" \/><\/figure>\n\n\n\n<figure class=\"wp-block-image size-large\"><img loading=\"lazy\" decoding=\"async\" width=\"1024\" height=\"757\" src=\"https:\/\/doctorrenatomendez.vip\/wp-content\/uploads\/2024\/12\/10-1024x757.jpg\" alt=\"\" class=\"wp-image-164\" srcset=\"https:\/\/doctorrenatomendez.vip\/wp-content\/uploads\/2024\/12\/10-1024x757.jpg 1024w, https:\/\/doctorrenatomendez.vip\/wp-content\/uploads\/2024\/12\/10-300x222.jpg 300w, https:\/\/doctorrenatomendez.vip\/wp-content\/uploads\/2024\/12\/10-768x567.jpg 768w, https:\/\/doctorrenatomendez.vip\/wp-content\/uploads\/2024\/12\/10.jpg 1080w\" sizes=\"auto, (max-width: 1024px) 100vw, 1024px\" \/><\/figure>\n\n\n\n<figure class=\"wp-block-image size-large\"><img loading=\"lazy\" decoding=\"async\" width=\"1024\" height=\"759\" src=\"https:\/\/doctorrenatomendez.vip\/wp-content\/uploads\/2024\/12\/16-1024x759.jpg\" alt=\"\" class=\"wp-image-166\" srcset=\"https:\/\/doctorrenatomendez.vip\/wp-content\/uploads\/2024\/12\/16-1024x759.jpg 1024w, https:\/\/doctorrenatomendez.vip\/wp-content\/uploads\/2024\/12\/16-300x222.jpg 300w, https:\/\/doctorrenatomendez.vip\/wp-content\/uploads\/2024\/12\/16-768x569.jpg 768w, https:\/\/doctorrenatomendez.vip\/wp-content\/uploads\/2024\/12\/16.jpg 1080w\" sizes=\"auto, (max-width: 1024px) 100vw, 1024px\" \/><\/figure>\n\n\n\n<figure class=\"wp-block-image size-large\"><img loading=\"lazy\" decoding=\"async\" width=\"1024\" height=\"750\" src=\"https:\/\/doctorrenatomendez.vip\/wp-content\/uploads\/2024\/12\/18-1024x750.jpg\" alt=\"\" class=\"wp-image-170\" srcset=\"https:\/\/doctorrenatomendez.vip\/wp-content\/uploads\/2024\/12\/18-1024x750.jpg 1024w, https:\/\/doctorrenatomendez.vip\/wp-content\/uploads\/2024\/12\/18-300x220.jpg 300w, https:\/\/doctorrenatomendez.vip\/wp-content\/uploads\/2024\/12\/18-768x562.jpg 768w, https:\/\/doctorrenatomendez.vip\/wp-content\/uploads\/2024\/12\/18.jpg 1080w\" sizes=\"auto, (max-width: 1024px) 100vw, 1024px\" \/><\/figure>\n\n\n\n<figure class=\"wp-block-image size-large\"><img loading=\"lazy\" decoding=\"async\" width=\"1024\" height=\"753\" src=\"https:\/\/doctorrenatomendez.vip\/wp-content\/uploads\/2024\/12\/4-1024x753.jpg\" alt=\"\" class=\"wp-image-172\" srcset=\"https:\/\/doctorrenatomendez.vip\/wp-content\/uploads\/2024\/12\/4-1024x753.jpg 1024w, https:\/\/doctorrenatomendez.vip\/wp-content\/uploads\/2024\/12\/4-300x221.jpg 300w, https:\/\/doctorrenatomendez.vip\/wp-content\/uploads\/2024\/12\/4-768x565.jpg 768w, https:\/\/doctorrenatomendez.vip\/wp-content\/uploads\/2024\/12\/4.jpg 1080w\" sizes=\"auto, (max-width: 1024px) 100vw, 1024px\" \/><\/figure>\n\n\n\n<figure class=\"wp-block-image size-large\"><img loading=\"lazy\" decoding=\"async\" width=\"1024\" height=\"527\" src=\"https:\/\/doctorrenatomendez.vip\/wp-content\/uploads\/2025\/11\/romero-3-1024x527.jpg\" alt=\"\" class=\"wp-image-355\" srcset=\"https:\/\/doctorrenatomendez.vip\/wp-content\/uploads\/2025\/11\/romero-3-1024x527.jpg 1024w, https:\/\/doctorrenatomendez.vip\/wp-content\/uploads\/2025\/11\/romero-3-300x155.jpg 300w, https:\/\/doctorrenatomendez.vip\/wp-content\/uploads\/2025\/11\/romero-3.jpg 1361w\" sizes=\"auto, (max-width: 1024px) 100vw, 1024px\" \/><\/figure>\n<\/div>\n<\/div>\n\n\n\n<ul class=\"wp-block-social-links is-layout-flex wp-block-social-links-is-layout-flex\"><li class=\"wp-social-link wp-social-link-facebook  wp-block-social-link\"><a href=\"https:\/\/www.facebook.com\/share\/19hG6YLy1t\/\" class=\"wp-block-social-link-anchor\"><svg width=\"24\" height=\"24\" viewBox=\"0 0 24 24\" version=\"1.1\" xmlns=\"http:\/\/www.w3.org\/2000\/svg\" aria-hidden=\"true\" focusable=\"false\"><path d=\"M12 2C6.5 2 2 6.5 2 12c0 5 3.7 9.1 8.4 9.9v-7H7.9V12h2.5V9.8c0-2.5 1.5-3.9 3.8-3.9 1.1 0 2.2.2 2.2.2v2.5h-1.3c-1.2 0-1.6.8-1.6 1.6V12h2.8l-.4 2.9h-2.3v7C18.3 21.1 22 17 22 12c0-5.5-4.5-10-10-10z\"><\/path><\/svg><span class=\"wp-block-social-link-label screen-reader-text\">Facebook<\/span><\/a><\/li>\n\n<li class=\"wp-social-link wp-social-link-whatsapp  wp-block-social-link\"><a href=\"https:\/\/wa.me\/qr\/5ZYXFUA5METFF1\" class=\"wp-block-social-link-anchor\"><svg width=\"24\" height=\"24\" viewBox=\"0 0 24 24\" version=\"1.1\" xmlns=\"http:\/\/www.w3.org\/2000\/svg\" aria-hidden=\"true\" focusable=\"false\"><path d=\"M 12.011719 2 C 6.5057187 2 2.0234844 6.478375 2.0214844 11.984375 C 2.0204844 13.744375 2.4814687 15.462563 3.3554688 16.976562 L 2 22 L 7.2324219 20.763672 C 8.6914219 21.559672 10.333859 21.977516 12.005859 21.978516 L 12.009766 21.978516 C 17.514766 21.978516 21.995047 17.499141 21.998047 11.994141 C 22.000047 9.3251406 20.962172 6.8157344 19.076172 4.9277344 C 17.190172 3.0407344 14.683719 2.001 12.011719 2 z M 12.009766 4 C 14.145766 4.001 16.153109 4.8337969 17.662109 6.3417969 C 19.171109 7.8517969 20.000047 9.8581875 19.998047 11.992188 C 19.996047 16.396187 16.413812 19.978516 12.007812 19.978516 C 10.674812 19.977516 9.3544062 19.642812 8.1914062 19.007812 L 7.5175781 18.640625 L 6.7734375 18.816406 L 4.8046875 19.28125 L 5.2851562 17.496094 L 5.5019531 16.695312 L 5.0878906 15.976562 C 4.3898906 14.768562 4.0204844 13.387375 4.0214844 11.984375 C 4.0234844 7.582375 7.6067656 4 12.009766 4 z M 8.4765625 7.375 C 8.3095625 7.375 8.0395469 7.4375 7.8105469 7.6875 C 7.5815469 7.9365 6.9355469 8.5395781 6.9355469 9.7675781 C 6.9355469 10.995578 7.8300781 12.182609 7.9550781 12.349609 C 8.0790781 12.515609 9.68175 15.115234 12.21875 16.115234 C 14.32675 16.946234 14.754891 16.782234 15.212891 16.740234 C 15.670891 16.699234 16.690438 16.137687 16.898438 15.554688 C 17.106437 14.971687 17.106922 14.470187 17.044922 14.367188 C 16.982922 14.263188 16.816406 14.201172 16.566406 14.076172 C 16.317406 13.951172 15.090328 13.348625 14.861328 13.265625 C 14.632328 13.182625 14.464828 13.140625 14.298828 13.390625 C 14.132828 13.640625 13.655766 14.201187 13.509766 14.367188 C 13.363766 14.534188 13.21875 14.556641 12.96875 14.431641 C 12.71875 14.305641 11.914938 14.041406 10.960938 13.191406 C 10.218937 12.530406 9.7182656 11.714844 9.5722656 11.464844 C 9.4272656 11.215844 9.5585938 11.079078 9.6835938 10.955078 C 9.7955938 10.843078 9.9316406 10.663578 10.056641 10.517578 C 10.180641 10.371578 10.223641 10.267562 10.306641 10.101562 C 10.389641 9.9355625 10.347156 9.7890625 10.285156 9.6640625 C 10.223156 9.5390625 9.737625 8.3065 9.515625 7.8125 C 9.328625 7.3975 9.131125 7.3878594 8.953125 7.3808594 C 8.808125 7.3748594 8.6425625 7.375 8.4765625 7.375 z\"><\/path><\/svg><span class=\"wp-block-social-link-label screen-reader-text\">WhatsApp<\/span><\/a><\/li><\/ul>\n\n\n\n<p><\/p>\n","protected":false},"excerpt":{"rendered":"<p>Cada imagen refleja mi compromiso con la ense\u00f1anza, el liderazgo y el crecimiento personal. Creo que el \u00e9xito nace del equilibrio entre conocimiento, fe e integridad, y mi prop\u00f3sito es inspirar a otros a alcanzar su m\u00e1ximo potencial.<\/p>\n","protected":false},"author":1,"featured_media":0,"parent":0,"menu_order":0,"comment_status":"closed","ping_status":"closed","template":"","meta":{"_uag_custom_page_level_css":"","footnotes":""},"class_list":["post-158","page","type-page","status-publish","hentry"],"uagb_featured_image_src":{"full":false,"thumbnail":false,"medium":false,"medium_large":false,"large":false,"1536x1536":false,"2048x2048":false,"inspiro-featured-image":false,"inspiro-loop":false,"inspiro-loop@2x":false},"uagb_author_info":{"display_name":"doctorrenatomendez","author_link":"https:\/\/doctorrenatomendez.vip\/?author=1"},"uagb_comment_info":0,"uagb_excerpt":"Cada imagen refleja mi compromiso con la ense\u00f1anza, el liderazgo y el crecimiento personal. Creo que el \u00e9xito nace del equilibrio entre conocimiento, fe e integridad, y mi prop\u00f3sito es inspirar a otros a alcanzar su m\u00e1ximo potencial.","_links":{"self":[{"href":"https:\/\/doctorrenatomendez.vip\/index.php?rest_route=\/wp\/v2\/pages\/158","targetHints":{"allow":["GET"]}}],"collection":[{"href":"https:\/\/doctorrenatomendez.vip\/index.php?rest_route=\/wp\/v2\/pages"}],"about":[{"href":"https:\/\/doctorrenatomendez.vip\/index.php?rest_route=\/wp\/v2\/types\/page"}],"author":[{"embeddable":true,"href":"https:\/\/doctorrenatomendez.vip\/index.php?rest_route=\/wp\/v2\/users\/1"}],"replies":[{"embeddable":true,"href":"https:\/\/doctorrenatomendez.vip\/index.php?rest_route=%2Fwp%2Fv2%2Fcomments&post=158"}],"version-history":[{"count":5,"href":"https:\/\/doctorrenatomendez.vip\/index.php?rest_route=\/wp\/v2\/pages\/158\/revisions"}],"predecessor-version":[{"id":384,"href":"https:\/\/doctorrenatomendez.vip\/index.php?rest_route=\/wp\/v2\/pages\/158\/revisions\/384"}],"wp:attachment":[{"href":"https:\/\/doctorrenatomendez.vip\/index.php?rest_route=%2Fwp%2Fv2%2Fmedia&parent=158"}],"curies":[{"name":"wp","href":"https:\/\/api.w.org\/{rel}","templated":true}]}}